{"id":72,"date":"2014-11-12T14:25:12","date_gmt":"2014-11-12T12:25:12","guid":{"rendered":"http:\/\/www.muskelenergie.de\/?page_id=72"},"modified":"2023-08-07T11:32:03","modified_gmt":"2023-08-07T09:32:03","slug":"impressum","status":"publish","type":"page","link":"http:\/\/www.muskelenergie.de\/?page_id=72","title":{"rendered":"Impressum"},"content":{"rendered":"<p class=\"title\">\n<div class=\"article\">\n<div class=\"article-content\">\n<div class=\"RichTextElement\">\n<div>\n<p>Dr. med. Jochen Knies<br \/>\nFacharzt f\u00fcr Orthop\u00e4die<br \/>\nZusatzbezeichnungen: Manuelle Medizin und Akupunktur.<\/p>\n<p>Orthop\u00e4dische Privatpraxis Dr. Knies<br \/>\nHammerweg 8<br \/>\n83022 Rosenheim.<\/p>\n<p>Telefon:\u00a008031 \/ 2340 780<br \/>\nFax: 08031 \/ 2340 782<br \/>\nE-Mail: dr.knies(at)posteo.de<\/p>\n<p>Dr. med. Jochen Knies wurde die Erlaubnis zum Tragen der Berufsbezeichnung Arzt in Deutschland erteilt. Zust\u00e4ndige \u00c4rztekammer ist die Bayerische Landes\u00e4rztekammer. Die Berufsordnung f\u00fcr \u00c4rzte in Bayern kann auf der \u00a0Homepage der Bayerischen Landes\u00e4rztekammer (www.blaek.de) eingesehen werden. Postanschrift: Bayerische Landes\u00e4rztekammer, M\u00fchlbauerstr. 16, 81677 M\u00fcnchen<\/p>\n<p>Verantwortlich f\u00fcr die Inhalte der Internetseite ist Dr. med. Jochen Knies.<\/p>\n<p>Haftungshinweis f\u00fcr \u201eLinks\u201c: Trotz sorgf\u00e4ltiger inhaltlicher Kontrolle \u00fcbernehmen ich keine Haftung f\u00fcr die Inhalte externer Links. F\u00fcr den Inhalt der verlinkten Seiten sind ausschlie\u00dflich deren Betreiber verantwortlich. Das Landgericht Hamburg hat mit Urteil vom 12.05.1998 entschieden, dass man durch die Ausbringung eines Links die Inhalte der gelinkten Seite ggf. mit zu verantworten hat. Dies kann &#8211; so das LG &#8211; nur dadurch verhindert werden, dass man sich ausdr\u00fccklich von diesen Inhalten distanziert. Dies ist hiermit geschehen.<\/p>\n<p>Datenschutz: Sofern innerhalb des Internet-Angebotes die M\u00f6glichkeit der Eingabe von pers\u00f6nlichen Daten (E-Mail-Adresse, Namen, Anschriften etc.) besteht, erfolgt diese freiwillig. Die von Ihnen zur Verf\u00fcgung gestellten personenbezogenen Daten werden nur intern verwendet, um Ihre Anfragen zu beantworten, Ihre Auftr\u00e4ge zu bearbeiten oder Ihnen Zugang zu bestimmten Informationen zu verschaffen. E-Mails und die online versendbaren Formulare werden ohne zus\u00e4tzliche Verschl\u00fcsselungstechniken weitergeleitet. Alle gesendeten Informationen k\u00f6nnen daher unter Umst\u00e4nden w\u00e4hrend der \u00dcbermittlung von Dritten eingesehen werden.<\/p>\n<p>Therapeutische Hinweise: Die auf diesen Internetseiten gegeben therapeutischen Hinweise d\u00fcrfen nur durch entsprechend qualifizierte Personen in eigener Verantwortung durchgef\u00fchrt werden.\u00a0Ausdr\u00fccklich m\u00f6chte ich darauf hinweisen, dass durch die Beschreibung der m\u00f6glichen Diagnostik und Therapie dem Patienten kein Heilungsversprechen gegeben werden soll.<\/p>\n<\/div>\n<\/div>\n<\/div>\n<\/div>\n","protected":false},"excerpt":{"rendered":"<p>Dr. med. Jochen Knies Facharzt f\u00fcr Orthop\u00e4die Zusatzbezeichnungen: Manuelle Medizin und Akupunktur. Orthop\u00e4dische Privatpraxis Dr. Knies Hammerweg 8 83022 Rosenheim. Telefon:\u00a008031 \/ 2340 780 Fax: 08031 \/ 2340 782 E-Mail: dr.knies(at)posteo.de Dr. med. Jochen Knies wurde die Erlaubnis zum Tragen der Berufsbezeichnung Arzt in Deutschland erteilt. Zust\u00e4ndige \u00c4rztekammer ist die Bayerische Landes\u00e4rztekammer. Die Berufsordnung f\u00fcr [&hellip;]<\/p>\n","protected":false},"author":1,"featured_media":0,"parent":0,"menu_order":0,"comment_status":"closed","ping_status":"closed","template":"","meta":{"footnotes":""},"class_list":["post-72","page","type-page","status-publish","hentry"],"_links":{"self":[{"href":"http:\/\/www.muskelenergie.de\/index.php?rest_route=\/wp\/v2\/pages\/72","targetHints":{"allow":["GET"]}}],"collection":[{"href":"http:\/\/www.muskelenergie.de\/index.php?rest_route=\/wp\/v2\/pages"}],"about":[{"href":"http:\/\/www.muskelenergie.de\/index.php?rest_route=\/wp\/v2\/types\/page"}],"author":[{"embeddable":true,"href":"http:\/\/www.muskelenergie.de\/index.php?rest_route=\/wp\/v2\/users\/1"}],"replies":[{"embeddable":true,"href":"http:\/\/www.muskelenergie.de\/index.php?rest_route=%2Fwp%2Fv2%2Fcomments&post=72"}],"version-history":[{"count":4,"href":"http:\/\/www.muskelenergie.de\/index.php?rest_route=\/wp\/v2\/pages\/72\/revisions"}],"predecessor-version":[{"id":337,"href":"http:\/\/www.muskelenergie.de\/index.php?rest_route=\/wp\/v2\/pages\/72\/revisions\/337"}],"wp:attachment":[{"href":"http:\/\/www.muskelenergie.de\/index.php?rest_route=%2Fwp%2Fv2%2Fmedia&parent=72"}],"curies":[{"name":"wp","href":"https:\/\/api.w.org\/{rel}","templated":true}]}}