{"id":7,"date":"2014-10-03T18:30:13","date_gmt":"2014-10-03T16:30:13","guid":{"rendered":"http:\/\/www.muskelenergie.de\/?page_id=7"},"modified":"2023-09-03T14:09:42","modified_gmt":"2023-09-03T12:09:42","slug":"liebe-leser-und-leserinnen-vielen-dank-fuer-den-besuch-meiner-webseite","status":"publish","type":"page","link":"http:\/\/www.muskelenergie.de\/","title":{"rendered":"Aktuelles"},"content":{"rendered":"\n<p>Meine Praxis ist von Montag bis Donnerstag ge\u00f6ffnet.<\/p>\n\n\n\n<p>Bitte rufen Sie mich zur Terminvereinbarung an unter 08031 2340780.<\/p>\n\n\n\n<p>Vielen Dank <\/p>\n\n\n\n<p>Dr. med. Jochen Knies<br>Facharzt f\u00fcr Orthop\u00e4die.<\/p>\n\n\n\n<p><\/p>\n\n\n\n<p><\/p>\n\n\n\n<figure class=\"wp-block-image size-large\"><a href=\"http:\/\/www.muskelenergie.de\/wp-content\/uploads\/2023\/09\/Imster-Klettersteig-scaled.jpeg\"><img loading=\"lazy\" decoding=\"async\" width=\"1024\" height=\"768\" src=\"http:\/\/www.muskelenergie.de\/wp-content\/uploads\/2023\/09\/Imster-Klettersteig-1024x768.jpeg\" alt=\"\" class=\"wp-image-418\" srcset=\"http:\/\/www.muskelenergie.de\/wp-content\/uploads\/2023\/09\/Imster-Klettersteig-1024x768.jpeg 1024w, http:\/\/www.muskelenergie.de\/wp-content\/uploads\/2023\/09\/Imster-Klettersteig-300x225.jpeg 300w, http:\/\/www.muskelenergie.de\/wp-content\/uploads\/2023\/09\/Imster-Klettersteig-768x576.jpeg 768w, http:\/\/www.muskelenergie.de\/wp-content\/uploads\/2023\/09\/Imster-Klettersteig-1536x1152.jpeg 1536w, http:\/\/www.muskelenergie.de\/wp-content\/uploads\/2023\/09\/Imster-Klettersteig-2048x1536.jpeg 2048w, http:\/\/www.muskelenergie.de\/wp-content\/uploads\/2023\/09\/Imster-Klettersteig-624x468.jpeg 624w\" sizes=\"auto, (max-width: 1024px) 100vw, 1024px\" \/><\/a><\/figure>\n","protected":false},"excerpt":{"rendered":"<p>Meine Praxis ist von Montag bis Donnerstag ge\u00f6ffnet. Bitte rufen Sie mich zur Terminvereinbarung an unter 08031 2340780. Vielen Dank Dr. med. Jochen KniesFacharzt f\u00fcr Orthop\u00e4die.<\/p>\n","protected":false},"author":1,"featured_media":0,"parent":0,"menu_order":0,"comment_status":"open","ping_status":"open","template":"","meta":{"footnotes":""},"class_list":["post-7","page","type-page","status-publish","hentry"],"_links":{"self":[{"href":"http:\/\/www.muskelenergie.de\/index.php?rest_route=\/wp\/v2\/pages\/7","targetHints":{"allow":["GET"]}}],"collection":[{"href":"http:\/\/www.muskelenergie.de\/index.php?rest_route=\/wp\/v2\/pages"}],"about":[{"href":"http:\/\/www.muskelenergie.de\/index.php?rest_route=\/wp\/v2\/types\/page"}],"author":[{"embeddable":true,"href":"http:\/\/www.muskelenergie.de\/index.php?rest_route=\/wp\/v2\/users\/1"}],"replies":[{"embeddable":true,"href":"http:\/\/www.muskelenergie.de\/index.php?rest_route=%2Fwp%2Fv2%2Fcomments&post=7"}],"version-history":[{"count":58,"href":"http:\/\/www.muskelenergie.de\/index.php?rest_route=\/wp\/v2\/pages\/7\/revisions"}],"predecessor-version":[{"id":419,"href":"http:\/\/www.muskelenergie.de\/index.php?rest_route=\/wp\/v2\/pages\/7\/revisions\/419"}],"wp:attachment":[{"href":"http:\/\/www.muskelenergie.de\/index.php?rest_route=%2Fwp%2Fv2%2Fmedia&parent=7"}],"curies":[{"name":"wp","href":"https:\/\/api.w.org\/{rel}","templated":true}]}}