{"id":344,"date":"2023-08-07T11:57:26","date_gmt":"2023-08-07T09:57:26","guid":{"rendered":"http:\/\/www.muskelenergie.de\/?page_id=344"},"modified":"2023-08-07T20:14:41","modified_gmt":"2023-08-07T18:14:41","slug":"neu-emtt","status":"publish","type":"page","link":"http:\/\/www.muskelenergie.de\/?page_id=344","title":{"rendered":"EMTT in Rosenheim"},"content":{"rendered":"\n<p class=\"has-text-align-center\">.<\/p>\n\n\n\n<h2 class=\"wp-block-heading\" id=\"cc-m-header-14663845729\">Die Magnetfeldtherapie in ihrer st\u00e4rksten Form.<\/h2>\n\n\n\n<figure class=\"wp-block-image size-large\"><a href=\"http:\/\/www.muskelenergie.de\/wp-content\/uploads\/2023\/08\/Storz-Medical-EMTT-Knie.png\"><img loading=\"lazy\" decoding=\"async\" width=\"1024\" height=\"538\" src=\"http:\/\/www.muskelenergie.de\/wp-content\/uploads\/2023\/08\/Storz-Medical-EMTT-Knie-1024x538.png\" alt=\"\" class=\"wp-image-353\" srcset=\"http:\/\/www.muskelenergie.de\/wp-content\/uploads\/2023\/08\/Storz-Medical-EMTT-Knie-1024x538.png 1024w, http:\/\/www.muskelenergie.de\/wp-content\/uploads\/2023\/08\/Storz-Medical-EMTT-Knie-300x158.png 300w, http:\/\/www.muskelenergie.de\/wp-content\/uploads\/2023\/08\/Storz-Medical-EMTT-Knie-768x403.png 768w, http:\/\/www.muskelenergie.de\/wp-content\/uploads\/2023\/08\/Storz-Medical-EMTT-Knie-1536x807.png 1536w, http:\/\/www.muskelenergie.de\/wp-content\/uploads\/2023\/08\/Storz-Medical-EMTT-Knie-2048x1076.png 2048w, http:\/\/www.muskelenergie.de\/wp-content\/uploads\/2023\/08\/Storz-Medical-EMTT-Knie-624x328.png 624w\" sizes=\"auto, (max-width: 1024px) 100vw, 1024px\" \/><\/a><\/figure>\n\n\n\n<p>Extrakorporalen Magnet-Transduktions-Therapie, kurz EMTT, mit dem Magnetolith Ger\u00e4t der Firma Storz Medical.<\/p>\n\n\n\n<h2 class=\"wp-block-heading\" id=\"cc-m-header-14663845729\">EMTT ist eine hocheffektive Therapie bei chronisch entz\u00fcndeten Sehnen, Arthrose und Muskelbeschwerden.<\/h2>\n\n\n\n<p><strong>Die EMTT Therapie dauert 10 Minuten&nbsp;und ist f\u00fcr Sie v\u00f6llig&nbsp;schmerzfrei.<\/strong><\/p>\n\n\n\n<p><strong>Die EMTT wird im Rahmen eines Gesamtkonzepts angewendet und durch andere Therapieoptionen &#8211; Sonographie, manuelle Therapie, regenerative Injektionstherapie, Empfehlungen zur Bewegung &#8211; erg\u00e4nzt bzw. vorbereitet.<\/strong><\/p>\n\n\n\n<p><strong>Die hocheffektive extrakorporale Magnettransduktionstherpaie mit dem Magnetholith ben\u00f6tigt&nbsp;\u00fcblicherweise&nbsp;6 bis 10 Sitzungen<\/strong><\/p>\n\n\n\n<p><strong>INDIKATIONEN:<\/strong><\/p>\n\n\n\n<ul class=\"wp-block-list\">\n<li>Arthrose<br>&#8211;<\/li>\n\n\n\n<li>Achillessehnenentz\u00fcndung<\/li>\n\n\n\n<li>Patellasehnenentz\u00fcndung<\/li>\n\n\n\n<li>Tennisarm \/Golferellenbogen<\/li>\n\n\n\n<li>Schienbeinkantensyndrom<br>&#8211;<\/li>\n\n\n\n<li>Fersensporn<\/li>\n\n\n\n<li>Patellaspitensyndrom<br>&#8211;<\/li>\n\n\n\n<li>schmerzhaften Muskelverspannungen<\/li>\n\n\n\n<li>Schulterschmerzen (Kalkschulter)<\/li>\n\n\n\n<li>Piriformis-Syndrom<\/li>\n\n\n\n<li>Tractus iliotibilais-Syndrom<\/li>\n\n\n\n<li>Schmerzen am&nbsp;Trochanter major (H\u00fcftschmerzen)<br>&#8211;<\/li>\n\n\n\n<li>Muskelverspannnungen und Triggerpunkte<\/li>\n<\/ul>\n\n\n\n<p class=\"has-text-align-center\">.<\/p>\n\n\n\n<h3 class=\"wp-block-heading\" id=\"cc-m-header-14663848529\">Kosten\u00fcbernahme durch die Krankenversicherung<\/h3>\n\n\n\n<p>Privatversicherte: Die Abrechnung der Leistung erfolgt nach der Geb\u00fchrenordnung der \u00c4rzte (GO\u00c4). Die EMTT wird von uns mit der analogen Nummer Nr. 838 GO\u00c4 (EMG, 2,3-fache Satz 73,73 Euro) Text: Elektro-magnetische\u2013Transduktion-Therapie (EMTT) bei Erkrankungen des Bewegungsapparates entsprechend \u00a7 6 GO\u00c4 abgerechnet.<\/p>\n\n\n\n<p>Individuelle Gesundheitsleistung: Die EMTT wird von uns im 3,5-fachen Satz analog der Akupunktur (GOZ 269a der GO\u00c4) mit&nbsp;70 \u20ac abgerechnet. <\/p>\n\n\n\n<p class=\"has-text-align-center\">.<\/p>\n\n\n\n<h3 class=\"wp-block-heading\" id=\"cc-m-header-14663847729\">Was ist zu beachten?<\/h3>\n\n\n\n<p>Aufgrund der st\u00e4rke des Magnetfeldes d\u00fcrfen Sie &#8211; \u00e4hnlich wie im MRT &#8211; keine Metallteile im oder am K\u00f6rper tragen. Dazu z\u00e4hlen:&nbsp;<\/p>\n\n\n\n<ul class=\"wp-block-list\">\n<li>Elektronische Implantate (z. B. Herzschrittmacher, Insulinpumpe,&nbsp;Schmerzmittelpumpe, Cochlearimplantate etc.)&nbsp; &nbsp;<\/li>\n\n\n\n<li>Implantation von Stent oder eine Knochenplatte vor weniger als acht Wochen<\/li>\n\n\n\n<li>Metallimplantate (TEPs), \u00e4lter als 20 Jahre&nbsp;(moderne Titanimplantate stellen kein Problem dar!)<\/li>\n\n\n\n<li>Gro\u00dffl\u00e4chige Tattoos<\/li>\n<\/ul>\n\n\n\n<p>Au\u00dferdem weisen wir darauf hin, dass folgende Dinge bei der EMTT aus der N\u00e4he des Magnetfeldes (Abstand 2 Meter) zu entfernen sind:<\/p>\n\n\n\n<ul class=\"wp-block-list\">\n<li>Metallischer Schmuck<\/li>\n\n\n\n<li>Handys und andere elektrische Ger\u00e4te<\/li>\n\n\n\n<li>Kreditkarten<\/li>\n\n\n\n<li>Chipkarten&nbsp;<\/li>\n<\/ul>\n\n\n\n<p>Sie k\u00f6nnen nach der Therapie Ihren Verrichtungen wie \u00fcblich nachgehen. Sportliche Aktivit\u00e4ten besprechen Sie individuell mit Dr. Knies.<\/p>\n","protected":false},"excerpt":{"rendered":"<p>. Die Magnetfeldtherapie in ihrer st\u00e4rksten Form. Extrakorporalen Magnet-Transduktions-Therapie, kurz EMTT, mit dem Magnetolith Ger\u00e4t der Firma Storz Medical. EMTT ist eine hocheffektive Therapie bei chronisch entz\u00fcndeten Sehnen, Arthrose und Muskelbeschwerden. Die EMTT Therapie dauert 10 Minuten&nbsp;und ist f\u00fcr Sie v\u00f6llig&nbsp;schmerzfrei. Die EMTT wird im Rahmen eines Gesamtkonzepts angewendet und durch andere Therapieoptionen &#8211; Sonographie, [&hellip;]<\/p>\n","protected":false},"author":1,"featured_media":0,"parent":0,"menu_order":0,"comment_status":"closed","ping_status":"closed","template":"","meta":{"footnotes":""},"class_list":["post-344","page","type-page","status-publish","hentry"],"_links":{"self":[{"href":"http:\/\/www.muskelenergie.de\/index.php?rest_route=\/wp\/v2\/pages\/344","targetHints":{"allow":["GET"]}}],"collection":[{"href":"http:\/\/www.muskelenergie.de\/index.php?rest_route=\/wp\/v2\/pages"}],"about":[{"href":"http:\/\/www.muskelenergie.de\/index.php?rest_route=\/wp\/v2\/types\/page"}],"author":[{"embeddable":true,"href":"http:\/\/www.muskelenergie.de\/index.php?rest_route=\/wp\/v2\/users\/1"}],"replies":[{"embeddable":true,"href":"http:\/\/www.muskelenergie.de\/index.php?rest_route=%2Fwp%2Fv2%2Fcomments&post=344"}],"version-history":[{"count":14,"href":"http:\/\/www.muskelenergie.de\/index.php?rest_route=\/wp\/v2\/pages\/344\/revisions"}],"predecessor-version":[{"id":413,"href":"http:\/\/www.muskelenergie.de\/index.php?rest_route=\/wp\/v2\/pages\/344\/revisions\/413"}],"wp:attachment":[{"href":"http:\/\/www.muskelenergie.de\/index.php?rest_route=%2Fwp%2Fv2%2Fmedia&parent=344"}],"curies":[{"name":"wp","href":"https:\/\/api.w.org\/{rel}","templated":true}]}}