{"id":129,"date":"2014-11-16T18:39:27","date_gmt":"2014-11-16T16:39:27","guid":{"rendered":"http:\/\/www.muskelenergie.de\/?page_id=129"},"modified":"2023-08-07T14:58:42","modified_gmt":"2023-08-07T12:58:42","slug":"sehnen-und-muskelansaetze","status":"publish","type":"page","link":"http:\/\/www.muskelenergie.de\/?page_id=129","title":{"rendered":"Sehnen und Muskelans\u00e4tze"},"content":{"rendered":"<h2 class=\"title\"><span class=\"in\">Erkrankungen der Sehnen und Muskelans\u00e4tze<\/span><\/h2>\n<div class=\"article\">\n<div class=\"article-content\">\n<div class=\"RichTextElement\">\n<div>\n<p>Die Ursachen von\u00a0<strong>schmerzhaften Sehnen und Muskelans\u00e4tzen\u00a0<\/strong>sind vielf\u00e4ltig und oft typisch f\u00fcr die jeweilige Lokalisation. H\u00e4ufig sind:<\/p>\n<ul>\n<li>sportassozierte\u00a0 Verletzungen<\/li>\n<li>arbeitsbedingte \u00dcberlastungen (repetitive strain)<\/li>\n<li>degenerative Prozesse in der Sehne selber bei Stoffwechselver\u00e4nderungen mit mangelnder Elastizit\u00e4t<\/li>\n<li>rheumatologische Erkrankungen<\/li>\n<li>direkte oder indirekte Auswirkungen von Wirbels\u00e4ulenerkrankungen<\/li>\n<\/ul>\n<p><strong>Typische Lokalisationen<\/strong><\/p>\n<p>An der Schulter:<\/p>\n<ul>\n<li>Supraspinatussehne im Verlauf \u00fcber den Oberarmkopf<\/li>\n<li>Lange Bicepssehne<\/li>\n<li>Ursprung der Infraspinatussehne (zum Oberarm ziehend)<\/li>\n<li>Ansatz des Schulterblatthebers am Schulterblatt (von der oberern HWS kommend)<\/li>\n<\/ul>\n<p>Am Ellenbogen:<\/p>\n<ul>\n<li><a href=\"http:\/\/www.muskelenergie.de\/?page_id=106\">Tennisellenbogen &#8211; radiale Epikondylopathie<\/a><\/li>\n<li>Ulnare Epikondylopathie &#8211; Golferellenbogen<\/li>\n<li>Triceps- und Bicepssehne<\/li>\n<\/ul>\n<p>Im Beckenbereich:<\/p>\n<ul>\n<li>der hintere obere Darmbeinstachel als Ursprung der R\u00fcckenstrecker und des Bandapparates des ISG<\/li>\n<li>die Region um den gro\u00dfen Rollh\u00fcgel des Oberschenkelknochens &#8211; Trochanter major Syndrom<\/li>\n<li>der Ursprung der Adduktoren des Oberschenkels am Schambein<\/li>\n<li>der Ursprung der hinteren Oberschenkelmuskulatur am Sitzbein<\/li>\n<\/ul>\n<p>An der Ferse:<\/p>\n<ul>\n<li><a href=\"http:\/\/www.muskelenergie.de\/?page_id=131\">Achillessehne &#8211; Verdickung der \u201emid portion\u201c<\/a><\/li>\n<li><a href=\"http:\/\/www.muskelenergie.de\/?page_id=133\">Ansatz der Achillessehne &#8211; Hinterer Fersensporn<\/a><\/li>\n<li><a href=\"http:\/\/www.muskelenergie.de\/?page_id=138\">Unterer Fersensporn &#8211; Plantarfasciitis<\/a><\/li>\n<\/ul>\n<p>An Knie und Unterschenkel:<\/p>\n<ul>\n<li>Kniescheibensehne &#8211; jumper\u00b4s knee<\/li>\n<li>Pes anserinus bei Kniegelenksarthrose innen<\/li>\n<li>Retinakula der Kniescheibe bei j\u00fcngeren Patienten<\/li>\n<li>Mediales Tibiakantensyndrom<\/li>\n<\/ul>\n<\/div>\n<\/div>\n<\/div>\n<\/div>\n","protected":false},"excerpt":{"rendered":"<p>Erkrankungen der Sehnen und Muskelans\u00e4tze Die Ursachen von\u00a0schmerzhaften Sehnen und Muskelans\u00e4tzen\u00a0sind vielf\u00e4ltig und oft typisch f\u00fcr die jeweilige Lokalisation. H\u00e4ufig sind: sportassozierte\u00a0 Verletzungen arbeitsbedingte \u00dcberlastungen (repetitive strain) degenerative Prozesse in der Sehne selber bei Stoffwechselver\u00e4nderungen mit mangelnder Elastizit\u00e4t rheumatologische Erkrankungen direkte oder indirekte Auswirkungen von Wirbels\u00e4ulenerkrankungen Typische Lokalisationen An der Schulter: Supraspinatussehne im Verlauf \u00fcber [&hellip;]<\/p>\n","protected":false},"author":1,"featured_media":0,"parent":0,"menu_order":0,"comment_status":"closed","ping_status":"closed","template":"","meta":{"footnotes":""},"class_list":["post-129","page","type-page","status-publish","hentry"],"_links":{"self":[{"href":"http:\/\/www.muskelenergie.de\/index.php?rest_route=\/wp\/v2\/pages\/129","targetHints":{"allow":["GET"]}}],"collection":[{"href":"http:\/\/www.muskelenergie.de\/index.php?rest_route=\/wp\/v2\/pages"}],"about":[{"href":"http:\/\/www.muskelenergie.de\/index.php?rest_route=\/wp\/v2\/types\/page"}],"author":[{"embeddable":true,"href":"http:\/\/www.muskelenergie.de\/index.php?rest_route=\/wp\/v2\/users\/1"}],"replies":[{"embeddable":true,"href":"http:\/\/www.muskelenergie.de\/index.php?rest_route=%2Fwp%2Fv2%2Fcomments&post=129"}],"version-history":[{"count":3,"href":"http:\/\/www.muskelenergie.de\/index.php?rest_route=\/wp\/v2\/pages\/129\/revisions"}],"predecessor-version":[{"id":410,"href":"http:\/\/www.muskelenergie.de\/index.php?rest_route=\/wp\/v2\/pages\/129\/revisions\/410"}],"wp:attachment":[{"href":"http:\/\/www.muskelenergie.de\/index.php?rest_route=%2Fwp%2Fv2%2Fmedia&parent=129"}],"curies":[{"name":"wp","href":"https:\/\/api.w.org\/{rel}","templated":true}]}}